{"id":3201,"date":"2022-08-24T08:51:05","date_gmt":"2022-08-24T06:51:05","guid":{"rendered":"https:\/\/dohrmann.ag\/dohrmann\/?page_id=3201"},"modified":"2022-08-24T08:58:20","modified_gmt":"2022-08-24T06:58:20","slug":"25jahre","status":"publish","type":"page","link":"https:\/\/dohrmann.ag\/dohrmann\/25jahre\/","title":{"rendered":"&#8222;25 YEARS&#8220;"},"content":{"rendered":"<p>[vc_row bg_type=&#8220;bg_color&#8220; bg_override=&#8220;browser_size&#8220;][vc_column]\n\t\t\t<!-- START 25 yars REVOLUTION SLIDER 6.4.11 --><p class=\"rs-p-wp-fix\"><\/p>\n\t\t\t<rs-module-wrap id=\"rev_slider_17_1_wrapper\" data-source=\"gallery\" style=\"background:#161616;padding:0;\">\n\t\t\t\t<rs-module id=\"rev_slider_17_1\" style=\"\" data-version=\"6.4.11\">\n\t\t\t\t\t<rs-slides>\n\t\t\t\t\t\t<rs-slide data-key=\"rs-27\" data-title=\"Creative\" data-anim=\"ms:2300;p:dark;\" data-in=\"o:0;\" data-out=\"o:0;\" data-p1=\"01\">\n\t\t\t\t\t\t\t<img loading=\"lazy\" decoding=\"async\" src=\"\/\/dohrmann.ag\/dohrmann\/wp-content\/uploads\/2022\/08\/DJI_0166-scaled.jpg\" title=\"default\" width=\"2560\" height=\"1440\" class=\"rev-slidebg tp-rs-img\" data-parallax=\"3\" data-no-retina>\n<!--\n\t\t\t\t\t\t\t--><a\n\t\t\t\t\t\t\t\tid=\"slider-17-slide-27-layer-0\" \n\t\t\t\t\t\t\t\tclass=\"rs-layer rev-scroll-btn rev-b-span-light\"\n\t\t\t\t\t\t\t\thref=\"#content\" target=\"_self\"\n\t\t\t\t\t\t\t\tdata-type=\"button\"\n\t\t\t\t\t\t\t\tdata-color=\"#f59c00\"\n\t\t\t\t\t\t\t\tdata-rsp_ch=\"on\"\n\t\t\t\t\t\t\t\tdata-xy=\"x:c;y:b;yo:100px,82px,62px,38px;\"\n\t\t\t\t\t\t\t\tdata-text=\"w:normal;s:17,14,10,6;l:20,16,12,7;ls:1,0,0,0;\"\n\t\t\t\t\t\t\t\tdata-dim=\"w:35px,28px,21px,12px;h:55px,45px,34px,20px;minw:35px,none,none,none;minh:55px,none,none,none;\"\n\t\t\t\t\t\t\t\tdata-padding=\"t:22,18,14,9;r:14,12,9,6;b:22,18,14,9;l:14,12,9,6;\"\n\t\t\t\t\t\t\t\tdata-border=\"bos:solid;boc:rgba(245, 156, 0, 0.75);bow:3px,3px,3px,3px;bor:23px,23px,23px,23px;\"\n\t\t\t\t\t\t\t\tdata-frame_999=\"o:0;st:w;\"\n\t\t\t\t\t\t\t\tstyle=\"z-index:11;font-family:Roboto;text-transform:uppercase;\"\n\t\t\t\t\t\t\t><span><\/span><span><\/span><span><\/span> \n\t\t\t\t\t\t\t<\/a><!--\n\n\t\t\t\t\t\t\t--><rs-layer\n\t\t\t\t\t\t\t\tid=\"slider-17-slide-27-layer-1\" \n\t\t\t\t\t\t\t\tclass=\"tp-shape tp-shapewrapper rs-pxl-tobggroup\"\n\t\t\t\t\t\t\t\tdata-type=\"shape\"\n\t\t\t\t\t\t\t\tdata-xy=\"x:c;y:m;\"\n\t\t\t\t\t\t\t\tdata-text=\"fw:100,100,400,400;\"\n\t\t\t\t\t\t\t\tdata-dim=\"w:100%;h:100%;\"\n\t\t\t\t\t\t\t\tdata-basealign=\"slide\"\n\t\t\t\t\t\t\t\tdata-rsp_o=\"off\"\n\t\t\t\t\t\t\t\tdata-rsp_bd=\"off\"\n\t\t\t\t\t\t\t\tdata-frame_1=\"e:power2.inOut;st:150;sp:1500;sR:150;\"\n\t\t\t\t\t\t\t\tdata-frame_999=\"o:0;e:power2.inOut;st:w;sp:1500;sR:7350;\"\n\t\t\t\t\t\t\t\tstyle=\"z-index:8;background-color:rgba(16,16,16,0.55);\"\n\t\t\t\t\t\t\t> \n\t\t\t\t\t\t\t<\/rs-layer><!--\n\n\t\t\t\t\t\t\t--><rs-layer\n\t\t\t\t\t\t\t\tid=\"slider-17-slide-27-layer-2\" \n\t\t\t\t\t\t\t\tclass=\"Creative-Title rs-pxl-1\"\n\t\t\t\t\t\t\t\tdata-type=\"text\"\n\t\t\t\t\t\t\t\tdata-color=\"rgba(255, 255, 255, 1)\"\n\t\t\t\t\t\t\t\tdata-rsp_ch=\"on\"\n\t\t\t\t\t\t\t\tdata-xy=\"x:c;y:m;yo:-10px,-10px,-10px,-28px;\"\n\t\t\t\t\t\t\t\tdata-text=\"s:60,70,50,45;l:70,70,55,52;ls:5px,5px,5px,0px;a:center;\"\n\t\t\t\t\t\t\t\tdata-dim=\"w:auto,auto,auto,320px;\"\n\t\t\t\t\t\t\t\tdata-frame_0=\"y:50px;\"\n\t\t\t\t\t\t\t\tdata-frame_1=\"e:power3.out;st:2550;sp:1500;sR:2550;\"\n\t\t\t\t\t\t\t\tdata-frame_999=\"x:0;y:0;z:0;sX:0.9;sY:0.9;o:0;rX:0;rY:0;rZ:0;skX:0;skY:0;st:w;sp:1000;sR:4950;\"\n\t\t\t\t\t\t\t\tstyle=\"z-index:10;font-family:Dosis;\"\n\t\t\t\t\t\t\t>25 JAHRE \n\t\t\t\t\t\t\t<\/rs-layer><!--\n\n\t\t\t\t\t\t\t--><rs-layer\n\t\t\t\t\t\t\t\tid=\"slider-17-slide-27-layer-3\" \n\t\t\t\t\t\t\t\tclass=\"Creative-SubTitle rs-pxl-2\"\n\t\t\t\t\t\t\t\tdata-type=\"text\"\n\t\t\t\t\t\t\t\tdata-color=\"rgba(245, 156, 0, 0.8)||rgba(245, 156, 0, 0.8)||#f59c00||#f59c00\"\n\t\t\t\t\t\t\t\tdata-rsp_ch=\"on\"\n\t\t\t\t\t\t\t\tdata-xy=\"x:c;y:m;yo:-80px,-80px,-81px,-97px;\"\n\t\t\t\t\t\t\t\tdata-text=\"s:14,14,14,12;l:14,14,14,12;a:center;\"\n\t\t\t\t\t\t\t\tdata-frame_0=\"y:50px;\"\n\t\t\t\t\t\t\t\tdata-frame_1=\"e:power3.out;st:2350;sp:1500;sR:2350;\"\n\t\t\t\t\t\t\t\tdata-frame_999=\"x:0;y:0;z:0;sX:0.9;sY:0.9;o:0;rX:0;rY:0;rZ:0;skX:0;skY:0;st:w;sp:1000;sR:5150;\"\n\t\t\t\t\t\t\t\tstyle=\"z-index:9;font-family:Lato;\"\n\t\t\t\t\t\t\t>DANKE F\u00dcR \n\t\t\t\t\t\t\t<\/rs-layer><!--\n-->\t\t\t\t\t\t<\/rs-slide>\n\t\t\t\t\t<\/rs-slides>\n\t\t\t\t<\/rs-module>\n\t\t\t\t<script type=\"text\/javascript\">\n\t\t\t\t\tsetREVStartSize({c: 'rev_slider_17_1',rl:[1240,1024,778,480],el:[868,768,960,720],gw:[1240,1024,778,480],gh:[868,768,960,720],type:'standard',justify:'',layout:'fullscreen',offsetContainer:'',offset:'0px',mh:\"0\"});\n\t\t\t\t\tvar\trevapi17,\n\t\t\t\t\t\ttpj;\n\t\t\t\t\tfunction revinit_revslider171() {\n\t\t\t\t\tjQuery(function() {\n\t\t\t\t\t\ttpj = jQuery;\n\t\t\t\t\t\trevapi17 = tpj(\"#rev_slider_17_1\");\n\t\t\t\t\t\tif(revapi17==undefined || revapi17.revolution == undefined){\n\t\t\t\t\t\t\trevslider_showDoubleJqueryError(\"rev_slider_17_1\");\n\t\t\t\t\t\t}else{\n\t\t\t\t\t\t\trevapi17.revolution({\n\t\t\t\t\t\t\t\tDPR:\"dpr\",\n\t\t\t\t\t\t\t\tsliderLayout:\"fullscreen\",\n\t\t\t\t\t\t\t\tvisibilityLevels:\"1240,1024,778,480\",\n\t\t\t\t\t\t\t\tgridwidth:\"1240,1024,778,480\",\n\t\t\t\t\t\t\t\tgridheight:\"868,768,960,720\",\n\t\t\t\t\t\t\t\tperspective:600,\n\t\t\t\t\t\t\t\tperspectiveType:\"local\",\n\t\t\t\t\t\t\t\teditorheight:\"868,768,960,720\",\n\t\t\t\t\t\t\t\tresponsiveLevels:\"1240,1024,778,480\",\n\t\t\t\t\t\t\t\tfullScreenOffset:\"0px\",\n\t\t\t\t\t\t\t\tprogressBar:{disableProgressBar:true},\n\t\t\t\t\t\t\t\tnavigation: {\n\t\t\t\t\t\t\t\t\tmouseScrollNavigation:false,\n\t\t\t\t\t\t\t\t\twheelCallDelay:1000,\n\t\t\t\t\t\t\t\t\tonHoverStop:false,\n\t\t\t\t\t\t\t\t\ttouch: {\n\t\t\t\t\t\t\t\t\t\ttouchenabled:true,\n\t\t\t\t\t\t\t\t\t\tswipe_min_touches:50\n\t\t\t\t\t\t\t\t\t}\n\t\t\t\t\t\t\t\t},\n\t\t\t\t\t\t\t\tparallax: {\n\t\t\t\t\t\t\t\t\tlevels:[2,4,6,8,10,12,14,16,45,50,47,48,49,50,0,50],\n\t\t\t\t\t\t\t\t\ttype:\"3D\",\n\t\t\t\t\t\t\t\t\torigo:\"slidercenter\",\n\t\t\t\t\t\t\t\t\tspeed:1000,\n\t\t\t\t\t\t\t\t\tddd_bgfreeze:true,\n\t\t\t\t\t\t\t\t\tddd_overflow:\"hidden\",\n\t\t\t\t\t\t\t\t\tddd_z_correction:100\n\t\t\t\t\t\t\t\t},\n\t\t\t\t\t\t\t\tfallbacks: {\n\t\t\t\t\t\t\t\t\tallowHTML5AutoPlayOnAndroid:true\n\t\t\t\t\t\t\t\t},\n\t\t\t\t\t\t\t});\n\t\t\t\t\t\t}\n\t\t\t\t\t\t\n\t\t\t\t\t});\n\t\t\t\t\t} \/\/ End of RevInitScript\n\t\t\t\tvar once_revslider171 = false;\n\t\t\t\tif (document.readyState === \"loading\") {document.addEventListener('readystatechange',function() { if((document.readyState === \"interactive\" || document.readyState === \"complete\") && !once_revslider171 ) { once_revslider171 = true; revinit_revslider171();}});} else {once_revslider171 = true; revinit_revslider171();}\n\t\t\t\t<\/script>\n\t\t\t<\/rs-module-wrap>\n\t\t\t<!-- END REVOLUTION SLIDER -->\n[\/vc_column][\/vc_row][vc_row el_id=&#8220;content&#8220;][vc_column][vc_empty_space height=&#8220;200px&#8220;][vc_custom_heading text=&#8220;&#8222;25 YEARS&#8222;&#8220; font_container=&#8220;tag:h2|text_align:center|color:__USE_THEME_MAIN_COLOR__&#8220; use_theme_fonts=&#8220;yes&#8220;][vc_custom_heading text=&#8220;DOHRMANN&#8220; font_container=&#8220;tag:h3|font_size:20|text_align:center|color:%23000000&#8243; use_theme_fonts=&#8220;yes&#8220;][vc_empty_space height=&#8220;100px&#8220;][vc_column_text]<\/p>\n<p style=\"text-align: center;\"><em>Phantastisch! Noch selten auf so einem erstklassigen Event gewesen, begleitet mit liebevollem Verw\u00f6hn-Programm seitens des Hotels, umrahmt von traumhafter Kulisse via Laufsteg-Modenschau direkt auf das Meer hinausgehend.\u00a0Das ganze Programm bleibt: UNVERGESSLICH!<\/em><\/p>\n<p style=\"text-align: center;\"><em><strong>Claudia &amp; Stefan\u00a0Effenberg\u00a0<\/strong> &#8211; <a class=\"_ps2id\" href=\"https:\/\/www.lifestyle-luxury.de\/day\/\" data-ps2id-offset=\"\">lifestyle-luxury<\/a><\/em><\/p>\n<p>[\/vc_column_text][vc_row_inner][vc_column_inner width=&#8220;1\/4&#8243;][vc_single_image image=&#8220;3206&#8243; img_size=&#8220;large&#8220; add_caption=&#8220;yes&#8220;][vc_empty_space height=&#8220;100px&#8220;][vc_column_text]Vor \u00fcber 25 Jahren er\u00f6ffnete Ulf Dohrmann sein erstes Ladenlokal in Binz.<\/p>\n<p>Um den Tag seines Jubil\u00e4ums zu zelebrieren, lud Ulf Dohrmann zahlreiche prominente G\u00e4ste nach R\u00fcgen ein und hie\u00df diese um 11 Uhr in seinem Flagship-Store in Binz willkommen. Darunter Pers\u00f6nlichkeiten wie\u00a0<strong>Mariella Ahrens, Claudia und Stefan Effenberg, Heinz Hoenig uvm.<\/strong><\/p>\n<p><em>..Phantastisch! Noch selten auf so einem erstklassigen Event gewesen, begleitet mit liebevollem Verw\u00f6hn-Programm seitens des Hotels, umrahmt von traumhafter Kulisse via Laufsteg-Modenschau direkt auf das Meer hinausgehend.\u00a0Das ganze Programm bleibt: UNVERGESSLICH!\u2026\u00a0<\/em><strong>so\u00a0Claudia &amp; Stefan\u00a0Effenberg\u00a0<\/strong>[\/vc_column_text][\/vc_column_inner][vc_column_inner width=&#8220;1\/4&#8243;][vc_column_text]Am Abend wurde dann der rote Teppich auf der Seebr\u00fccke Binz bei bestem Wetter ausgerollt und gemeinsam mit Ulf Dohrmann begr\u00fc\u00dfte die Moderatorin des Abends\u00a0<strong>Xenia Prinzessin von Sachsen<\/strong>\u00a0die Partyg\u00e4ste, bevor die erste gro\u00dfe Modenschau der Nacht eingel\u00e4utet wurde.[\/vc_column_text][vc_empty_space height=&#8220;100px&#8220;][vc_single_image image=&#8220;3207&#8243; img_size=&#8220;large&#8220; add_caption=&#8220;yes&#8220;][vc_empty_space height=&#8220;50px&#8220;][vc_single_image image=&#8220;3202&#8243; img_size=&#8220;medium&#8220; add_caption=&#8220;yes&#8220;][\/vc_column_inner][vc_column_inner width=&#8220;1\/4&#8243;][vc_column_text]Auch der Charity Gedanke kam an diesem Abend, wie auch bei vorrangegangen DOHRMANN Veranstaltungen nicht zu kurz. So wurde Eva Padberg ein Spendenscheck \u00fcber \u20ac 20.000,00 \u00a0f\u00fcr die MC Donalds Kinderhilfe und\u00a0\u20ac 14.200,00 f\u00fcr ein regionales F\u00f6rderprojekt \u00fcberreicht, welcher durch zahlreiche Spenden der G\u00e4ste und karitativer Auktionen vor Ort auf diese stolze Summe angewachsen war.<\/p>\n<p><em>&#8230;<\/em>\u201e<em>Ich freue mich so sehr \u00fcber die Spendensumme die an diesem Abend f\u00fcr\u00a0das<\/em>\u00a0<em>Ronald McDonald Haus in Berlin zusammen gekommen ist. F\u00fcr die Familien ist das Haus eine echte Oase, dort k\u00f6nnen sie vom Klinikalltag abschalten und am n\u00e4chsten Tag wieder mit voller Kraft f\u00fcr die kleinen Patienten da sein. Das Haus finanziert sich gro\u00dfteils aus Spenden, deshalb bin ich sehr dankbar f\u00fcr diese tolle Summe!\u201c<\/em>\u2026\u00a0<strong>so\u00a0Eva Padberg<\/strong>[\/vc_column_text][\/vc_column_inner][vc_column_inner width=&#8220;1\/4&#8243;][vc_column_text]Auch zahlreiche Influencer wie\u00a0<strong>Alexa Breit<\/strong>, Comedian\u00a0<strong>Nicolas Lazaridis<\/strong>\u00a0oder Tornadok\u00f6nig\u00a0<strong>Ron Bielecki<\/strong>\u00a0hatten Ihren Weg nach Binz gefunden und feierten ausgelassen in dem wundersch\u00f6nen Panoramaformat des Ostseebades Binz, welches sicherlich f\u00fcr den ein oder anderen Post herhalten musste.<\/p>\n<p>Werbung in dieser Form freute gewiss auch Karsten Schneider, den B\u00fcrgermeister von Binz, der gemeinsam mit Landrat Stefan Kerth und Stralsunds B\u00fcrgermeister Alexander Badrow an den Feierlichkeiten teilnahm.<\/p>\n<p>F\u00fcr viele wird sicherlich noch einige Zeit vergehen, bis sie wieder in den Genuss einer solch fantastischen Party kommen. Ein Fest an das sich die Insel noch lange erinnern wird.[\/vc_column_text][vc_single_image image=&#8220;3203&#8243; img_size=&#8220;medium&#8220; add_caption=&#8220;yes&#8220;][\/vc_column_inner][\/vc_row_inner][vc_column_text]<\/p>\n<p style=\"text-align: center;\"><em>BILDER &amp; ARTIKEL<br \/>\n<\/em><em> www.lifestyle-luxury.de \/ \u00a0Fotos: Gerald Matzka | API Agency People Image \/ Juli 2022<\/em><\/p>\n<p>[\/vc_column_text][vc_empty_space height=&#8220;100px&#8220;][\/vc_column][\/vc_row]<\/p>\n","protected":false},"excerpt":{"rendered":"<p>[vc_row bg_type=&#8220;bg_color&#8220; bg_override=&#8220;browser_size&#8220;][vc_column][\/vc_column][\/vc_row][vc_row el_id=&#8220;content&#8220;][vc_column][vc_empty_space height=&#8220;200px&#8220;][vc_custom_heading text=&#8220;&#8222;25 YEARS&#8222;&#8220; font_container=&#8220;tag:h2|text_align:center|color:__USE_THEME_MAIN_COLOR__&#8220; use_theme_fonts=&#8220;yes&#8220;][vc_custom_heading text=&#8220;DOHRMANN&#8220; font_container=&#8220;tag:h3|font_size:20|text_align:center|color:%23000000&#8243; use_theme_fonts=&#8220;yes&#8220;][vc_empty_space height=&#8220;100px&#8220;][vc_column_text] Phantastisch! Noch selten auf so einem erstklassigen Event gewesen, begleitet mit liebevollem Verw\u00f6hn-Programm seitens des Hotels, umrahmt von traumhafter Kulisse via Laufsteg-Modenschau direkt auf das Meer hinausgehend.\u00a0Das ganze Programm bleibt: UNVERGESSLICH! Claudia &amp; Stefan\u00a0Effenberg\u00a0 &#8211; lifestyle-luxury [\/vc_column_text][vc_row_inner][vc_column_inner width=&#8220;1\/4&#8243;][vc_single_image image=&#8220;3206&#8243; img_size=&#8220;large&#8220; add_caption=&#8220;yes&#8220;][vc_empty_space height=&#8220;100px&#8220;][vc_column_text]Vor [&hellip;]<\/p>\n","protected":false},"author":2,"featured_media":0,"parent":0,"menu_order":0,"comment_status":"open","ping_status":"open","template":"page.php","meta":{"footnotes":""},"class_list":["post-3201","page","type-page","status-publish","hentry"],"_links":{"self":[{"href":"https:\/\/dohrmann.ag\/dohrmann\/wp-json\/wp\/v2\/pages\/3201","targetHints":{"allow":["GET"]}}],"collection":[{"href":"https:\/\/dohrmann.ag\/dohrmann\/wp-json\/wp\/v2\/pages"}],"about":[{"href":"https:\/\/dohrmann.ag\/dohrmann\/wp-json\/wp\/v2\/types\/page"}],"author":[{"embeddable":true,"href":"https:\/\/dohrmann.ag\/dohrmann\/wp-json\/wp\/v2\/users\/2"}],"replies":[{"embeddable":true,"href":"https:\/\/dohrmann.ag\/dohrmann\/wp-json\/wp\/v2\/comments?post=3201"}],"version-history":[{"count":4,"href":"https:\/\/dohrmann.ag\/dohrmann\/wp-json\/wp\/v2\/pages\/3201\/revisions"}],"predecessor-version":[{"id":3209,"href":"https:\/\/dohrmann.ag\/dohrmann\/wp-json\/wp\/v2\/pages\/3201\/revisions\/3209"}],"wp:attachment":[{"href":"https:\/\/dohrmann.ag\/dohrmann\/wp-json\/wp\/v2\/media?parent=3201"}],"curies":[{"name":"wp","href":"https:\/\/api.w.org\/{rel}","templated":true}]}}