{"id":123,"date":"2014-10-03T15:01:13","date_gmt":"2014-10-03T13:01:13","guid":{"rendered":"http:\/\/dohrmann.ag\/dohrmann\/?page_id=123"},"modified":"2023-08-24T11:06:08","modified_gmt":"2023-08-24T09:06:08","slug":"fashion","status":"publish","type":"page","link":"https:\/\/dohrmann.ag\/dohrmann\/","title":{"rendered":"FASHION"},"content":{"rendered":"<p>[vc_row][vc_column]\n\t\t\t<!-- START fashion REVOLUTION SLIDER 6.4.11 --><p class=\"rs-p-wp-fix\"><\/p>\n\t\t\t<rs-module-wrap id=\"rev_slider_16_1_wrapper\" data-source=\"gallery\" style=\"background:#161616;padding:0;\">\n\t\t\t\t<rs-module id=\"rev_slider_16_1\" style=\"\" data-version=\"6.4.11\">\n\t\t\t\t\t<rs-slides>\n\t\t\t\t\t\t<rs-slide data-key=\"rs-26\" data-title=\"Creative\" data-anim=\"ms:2300;p:dark;\" data-in=\"o:0;\" data-out=\"o:0;\" data-p1=\"01\">\n\t\t\t\t\t\t\t<img loading=\"lazy\" decoding=\"async\" src=\"\/\/dohrmann.ag\/dohrmann\/wp-content\/uploads\/2022\/05\/2017_07_01_225845-scaled.jpg\" title=\"2017_07_01_225845\" width=\"2560\" height=\"1707\" class=\"rev-slidebg tp-rs-img\" data-parallax=\"3\" data-no-retina>\n<!--\n\t\t\t\t\t\t\t--><a\n\t\t\t\t\t\t\t\tid=\"slider-16-slide-26-layer-0\" \n\t\t\t\t\t\t\t\tclass=\"rs-layer rev-scroll-btn rev-b-span-light\"\n\t\t\t\t\t\t\t\thref=\"#content\" target=\"_self\"\n\t\t\t\t\t\t\t\tdata-type=\"button\"\n\t\t\t\t\t\t\t\tdata-color=\"#f59c00\"\n\t\t\t\t\t\t\t\tdata-rsp_ch=\"on\"\n\t\t\t\t\t\t\t\tdata-xy=\"x:c;y:b;yo:100px,82px,62px,38px;\"\n\t\t\t\t\t\t\t\tdata-text=\"w:normal;s:17,14,10,6;l:20,16,12,7;ls:1,0,0,0;\"\n\t\t\t\t\t\t\t\tdata-dim=\"w:35px,28px,21px,12px;h:55px,45px,34px,20px;minw:35px,none,none,none;minh:55px,none,none,none;\"\n\t\t\t\t\t\t\t\tdata-padding=\"t:22,18,14,9;r:14,12,9,6;b:22,18,14,9;l:14,12,9,6;\"\n\t\t\t\t\t\t\t\tdata-border=\"bos:solid;boc:rgba(245, 156, 0, 0.75);bow:3px,3px,3px,3px;bor:23px,23px,23px,23px;\"\n\t\t\t\t\t\t\t\tdata-frame_999=\"o:0;st:w;\"\n\t\t\t\t\t\t\t\tstyle=\"z-index:11;font-family:Roboto;text-transform:uppercase;\"\n\t\t\t\t\t\t\t><span><\/span><span><\/span><span><\/span> \n\t\t\t\t\t\t\t<\/a><!--\n\n\t\t\t\t\t\t\t--><rs-layer\n\t\t\t\t\t\t\t\tid=\"slider-16-slide-26-layer-1\" \n\t\t\t\t\t\t\t\tclass=\"tp-shape tp-shapewrapper rs-pxl-tobggroup\"\n\t\t\t\t\t\t\t\tdata-type=\"shape\"\n\t\t\t\t\t\t\t\tdata-xy=\"x:c;y:m;\"\n\t\t\t\t\t\t\t\tdata-text=\"fw:100,100,400,400;\"\n\t\t\t\t\t\t\t\tdata-dim=\"w:100%;h:100%;\"\n\t\t\t\t\t\t\t\tdata-basealign=\"slide\"\n\t\t\t\t\t\t\t\tdata-rsp_o=\"off\"\n\t\t\t\t\t\t\t\tdata-rsp_bd=\"off\"\n\t\t\t\t\t\t\t\tdata-frame_1=\"e:power2.inOut;st:150;sp:1500;sR:150;\"\n\t\t\t\t\t\t\t\tdata-frame_999=\"o:0;e:power2.inOut;st:w;sp:1500;sR:7350;\"\n\t\t\t\t\t\t\t\tstyle=\"z-index:8;background-color:rgba(16,16,16,0.55);\"\n\t\t\t\t\t\t\t> \n\t\t\t\t\t\t\t<\/rs-layer><!--\n\n\t\t\t\t\t\t\t--><rs-layer\n\t\t\t\t\t\t\t\tid=\"slider-16-slide-26-layer-2\" \n\t\t\t\t\t\t\t\tclass=\"Creative-Title rs-pxl-1\"\n\t\t\t\t\t\t\t\tdata-type=\"text\"\n\t\t\t\t\t\t\t\tdata-color=\"rgba(255, 255, 255, 1)\"\n\t\t\t\t\t\t\t\tdata-rsp_ch=\"on\"\n\t\t\t\t\t\t\t\tdata-xy=\"x:c;y:m;yo:-10px,-10px,-10px,-28px;\"\n\t\t\t\t\t\t\t\tdata-text=\"s:60,70,50,45;l:70,70,55,52;ls:5px,5px,5px,0px;a:center;\"\n\t\t\t\t\t\t\t\tdata-dim=\"w:auto,auto,auto,320px;\"\n\t\t\t\t\t\t\t\tdata-frame_0=\"y:50px;\"\n\t\t\t\t\t\t\t\tdata-frame_1=\"e:power3.out;st:2550;sp:1500;sR:2550;\"\n\t\t\t\t\t\t\t\tdata-frame_999=\"x:0;y:0;z:0;sX:0.9;sY:0.9;o:0;rX:0;rY:0;rZ:0;skX:0;skY:0;st:w;sp:1000;sR:4950;\"\n\t\t\t\t\t\t\t\tstyle=\"z-index:10;font-family:Dosis;\"\n\t\t\t\t\t\t\t>FASHION AUF R\u00dcGEN \n\t\t\t\t\t\t\t<\/rs-layer><!--\n\n\t\t\t\t\t\t\t--><rs-layer\n\t\t\t\t\t\t\t\tid=\"slider-16-slide-26-layer-3\" \n\t\t\t\t\t\t\t\tclass=\"Creative-SubTitle rs-pxl-2\"\n\t\t\t\t\t\t\t\tdata-type=\"text\"\n\t\t\t\t\t\t\t\tdata-color=\"#f59c00\"\n\t\t\t\t\t\t\t\tdata-rsp_ch=\"on\"\n\t\t\t\t\t\t\t\tdata-xy=\"x:c;y:m;yo:-80px,-80px,-81px,-97px;\"\n\t\t\t\t\t\t\t\tdata-text=\"s:14,14,14,12;l:14,14,14,12;a:center;\"\n\t\t\t\t\t\t\t\tdata-frame_0=\"y:50px;\"\n\t\t\t\t\t\t\t\tdata-frame_1=\"e:power3.out;st:2350;sp:1500;sR:2350;\"\n\t\t\t\t\t\t\t\tdata-frame_999=\"x:0;y:0;z:0;sX:0.9;sY:0.9;o:0;rX:0;rY:0;rZ:0;skX:0;skY:0;st:w;sp:1000;sR:5150;\"\n\t\t\t\t\t\t\t\tstyle=\"z-index:9;font-family:Lato;\"\n\t\t\t\t\t\t\t>WIR VERSTEHEN UNS ALS TAKTEGEBER IM BEREICH \n\t\t\t\t\t\t\t<\/rs-layer><!--\n-->\t\t\t\t\t\t<\/rs-slide>\n\t\t\t\t\t<\/rs-slides>\n\t\t\t\t<\/rs-module>\n\t\t\t\t<script type=\"text\/javascript\">\n\t\t\t\t\tsetREVStartSize({c: 'rev_slider_16_1',rl:[1240,1024,778,480],el:[868,768,960,720],gw:[1240,1024,778,480],gh:[868,768,960,720],type:'standard',justify:'',layout:'fullscreen',offsetContainer:'',offset:'0px',mh:\"0\"});\n\t\t\t\t\tvar\trevapi16,\n\t\t\t\t\t\ttpj;\n\t\t\t\t\tfunction revinit_revslider161() {\n\t\t\t\t\tjQuery(function() {\n\t\t\t\t\t\ttpj = jQuery;\n\t\t\t\t\t\trevapi16 = tpj(\"#rev_slider_16_1\");\n\t\t\t\t\t\tif(revapi16==undefined || revapi16.revolution == undefined){\n\t\t\t\t\t\t\trevslider_showDoubleJqueryError(\"rev_slider_16_1\");\n\t\t\t\t\t\t}else{\n\t\t\t\t\t\t\trevapi16.revolution({\n\t\t\t\t\t\t\t\tDPR:\"dpr\",\n\t\t\t\t\t\t\t\tsliderLayout:\"fullscreen\",\n\t\t\t\t\t\t\t\tvisibilityLevels:\"1240,1024,778,480\",\n\t\t\t\t\t\t\t\tgridwidth:\"1240,1024,778,480\",\n\t\t\t\t\t\t\t\tgridheight:\"868,768,960,720\",\n\t\t\t\t\t\t\t\tperspective:600,\n\t\t\t\t\t\t\t\tperspectiveType:\"local\",\n\t\t\t\t\t\t\t\teditorheight:\"868,768,960,720\",\n\t\t\t\t\t\t\t\tresponsiveLevels:\"1240,1024,778,480\",\n\t\t\t\t\t\t\t\tfullScreenOffset:\"0px\",\n\t\t\t\t\t\t\t\tprogressBar:{disableProgressBar:true},\n\t\t\t\t\t\t\t\tnavigation: {\n\t\t\t\t\t\t\t\t\tmouseScrollNavigation:false,\n\t\t\t\t\t\t\t\t\twheelCallDelay:1000,\n\t\t\t\t\t\t\t\t\tonHoverStop:false,\n\t\t\t\t\t\t\t\t\ttouch: {\n\t\t\t\t\t\t\t\t\t\ttouchenabled:true,\n\t\t\t\t\t\t\t\t\t\tswipe_min_touches:50\n\t\t\t\t\t\t\t\t\t}\n\t\t\t\t\t\t\t\t},\n\t\t\t\t\t\t\t\tparallax: {\n\t\t\t\t\t\t\t\t\tlevels:[2,4,6,8,10,12,14,16,45,50,47,48,49,50,0,50],\n\t\t\t\t\t\t\t\t\ttype:\"3D\",\n\t\t\t\t\t\t\t\t\torigo:\"slidercenter\",\n\t\t\t\t\t\t\t\t\tspeed:1000,\n\t\t\t\t\t\t\t\t\tddd_bgfreeze:true,\n\t\t\t\t\t\t\t\t\tddd_overflow:\"hidden\",\n\t\t\t\t\t\t\t\t\tddd_z_correction:100\n\t\t\t\t\t\t\t\t},\n\t\t\t\t\t\t\t\tfallbacks: {\n\t\t\t\t\t\t\t\t\tallowHTML5AutoPlayOnAndroid:true\n\t\t\t\t\t\t\t\t},\n\t\t\t\t\t\t\t});\n\t\t\t\t\t\t}\n\t\t\t\t\t\t\n\t\t\t\t\t});\n\t\t\t\t\t} \/\/ End of RevInitScript\n\t\t\t\tvar once_revslider161 = false;\n\t\t\t\tif (document.readyState === \"loading\") {document.addEventListener('readystatechange',function() { if((document.readyState === \"interactive\" || document.readyState === \"complete\") && !once_revslider161 ) { once_revslider161 = true; revinit_revslider161();}});} else {once_revslider161 = true; revinit_revslider161();}\n\t\t\t\t<\/script>\n\t\t\t<\/rs-module-wrap>\n\t\t\t<!-- END REVOLUTION SLIDER -->\n[\/vc_column][\/vc_row][vc_row el_id=&#8220;content&#8220;][vc_column][vc_empty_space height=&#8220;200px&#8220;][vc_custom_heading text=&#8220;DOHRMANN&#8220; font_container=&#8220;tag:h2|text_align:center|color:__USE_THEME_MAIN_COLOR__&#8220; use_theme_fonts=&#8220;yes&#8220;][vc_custom_heading text=&#8220;LIFESTYLE FASHION&#8220; font_container=&#8220;tag:h3|font_size:20|text_align:center|color:%23000000&#8243; use_theme_fonts=&#8220;yes&#8220;][vc_empty_space height=&#8220;100px&#8220;][vc_column_text]Mit dem Anspruch an Qualit\u00e4t und Exklusivit\u00e4t im Bereich Fashion gr\u00fcndete Ulf Dohrmann 1997 im Seebad Binz die Marke DOHRMANN. In der Binzer Hauptstra\u00dfe entstand der erste DOHRMANN Store \u201cm\u00e4nnersache\u201d als Herrenausstatter.<\/p>\n<p>Etwas lauter, mehr Style, eine Spur sportiver, f\u00fcr Frauen und M\u00e4nner. Dieses Konzept verfolgte ein weiterer Store im Jahr 2005, welcher in kurzer Zeit die Shoppingadresse in Binz wurde.<\/p>\n<p>2009 geht die Erfolgsgeschichte der Marke DOHRMANN in eine weitere Runde. Wie schon 11 Jahre zuvor [f\u00fcr Herren] folgt neben dem Store \u201cm\u00e4nnersache\u201d ein elegantes Shoppingerlebnis, ausschlie\u00dflich f\u00fcr die weiblichen Modebed\u00fcrfnisse.<\/p>\n<p>Ein Remodeling und Konzepterweiterung folgten im Jahr 2014, welches nun einen Fashion-Concept-Store hervorbrachte. Zum Shoppingvergn\u00fcgen geh\u00f6rt jetzt eine Bar mit guten Drinks und Kaffee und ein ausgew\u00e4hltes Sortiment an Taschen, Schuhen und Home-Accessoires.<\/p>\n<p style=\"text-align: center;\"><strong>Umgeben von ausgew\u00e4hlten Labels.<\/strong><\/p>\n<p><span style=\"text-transform: uppercase;\">Aigner . alpha tauri . 0039 Italy . Baldessarini . BALR . Baobab . Bogner . Bogner Shoes . c.p. company . Dorothee Schumacher . Eva Mann . Friendly Hunting<\/span><\/p>\n<p><span style=\"text-transform: uppercase;\">Grace . Herzensangelegenheit . Hugo . Iceberg . iheart . Jacob Cohen . John Richmond . Karl Lagerfeld . Kiefermann . le temps des cerises . mackage . Mason`s . Moose Knuckles<\/span><\/p>\n<p><span style=\"text-transform: uppercase;\"> Mos Mosh . Parajumpers . Peuterey . Q1 Hemden . Run Of . stefan brandt . Stone Island . Stuff Maker . True Religion . Versace Jeans Couture . Werner Christ<\/span>[\/vc_column_text][vc_empty_space height=&#8220;100px&#8220;][\/vc_column][\/vc_row]<\/p>\n","protected":false},"excerpt":{"rendered":"<p>[vc_row][vc_column][\/vc_column][\/vc_row][vc_row el_id=&#8220;content&#8220;][vc_column][vc_empty_space height=&#8220;200px&#8220;][vc_custom_heading text=&#8220;DOHRMANN&#8220; font_container=&#8220;tag:h2|text_align:center|color:__USE_THEME_MAIN_COLOR__&#8220; use_theme_fonts=&#8220;yes&#8220;][vc_custom_heading text=&#8220;LIFESTYLE FASHION&#8220; font_container=&#8220;tag:h3|font_size:20|text_align:center|color:%23000000&#8243; use_theme_fonts=&#8220;yes&#8220;][vc_empty_space height=&#8220;100px&#8220;][vc_column_text]Mit dem Anspruch an Qualit\u00e4t und Exklusivit\u00e4t im Bereich Fashion gr\u00fcndete Ulf Dohrmann 1997 im Seebad Binz die Marke DOHRMANN. In der Binzer Hauptstra\u00dfe entstand der erste DOHRMANN Store \u201cm\u00e4nnersache\u201d als Herrenausstatter. Etwas lauter, mehr Style, eine Spur sportiver, f\u00fcr Frauen und M\u00e4nner. Dieses Konzept [&hellip;]<\/p>\n","protected":false},"author":2,"featured_media":121,"parent":0,"menu_order":0,"comment_status":"open","ping_status":"open","template":"page.php","meta":{"footnotes":""},"class_list":["post-123","page","type-page","status-publish","has-post-thumbnail","hentry"],"_links":{"self":[{"href":"https:\/\/dohrmann.ag\/dohrmann\/wp-json\/wp\/v2\/pages\/123","targetHints":{"allow":["GET"]}}],"collection":[{"href":"https:\/\/dohrmann.ag\/dohrmann\/wp-json\/wp\/v2\/pages"}],"about":[{"href":"https:\/\/dohrmann.ag\/dohrmann\/wp-json\/wp\/v2\/types\/page"}],"author":[{"embeddable":true,"href":"https:\/\/dohrmann.ag\/dohrmann\/wp-json\/wp\/v2\/users\/2"}],"replies":[{"embeddable":true,"href":"https:\/\/dohrmann.ag\/dohrmann\/wp-json\/wp\/v2\/comments?post=123"}],"version-history":[{"count":12,"href":"https:\/\/dohrmann.ag\/dohrmann\/wp-json\/wp\/v2\/pages\/123\/revisions"}],"predecessor-version":[{"id":3224,"href":"https:\/\/dohrmann.ag\/dohrmann\/wp-json\/wp\/v2\/pages\/123\/revisions\/3224"}],"wp:featuredmedia":[{"embeddable":true,"href":"https:\/\/dohrmann.ag\/dohrmann\/wp-json\/wp\/v2\/media\/121"}],"wp:attachment":[{"href":"https:\/\/dohrmann.ag\/dohrmann\/wp-json\/wp\/v2\/media?parent=123"}],"curies":[{"name":"wp","href":"https:\/\/api.w.org\/{rel}","templated":true}]}}